{"id":9156,"date":"2025-04-23T06:33:11","date_gmt":"2025-04-23T06:33:11","guid":{"rendered":"https:\/\/newrest.kardinalt.com\/inicio\/"},"modified":"2025-11-20T14:57:48","modified_gmt":"2025-11-20T14:57:48","slug":"inicio","status":"publish","type":"page","link":"https:\/\/www.newrest.eu\/es\/","title":{"rendered":"Inicio"},"content":{"rendered":"","protected":false},"excerpt":{"rendered":"","protected":false},"author":1,"featured_media":0,"parent":0,"menu_order":0,"comment_status":"closed","ping_status":"closed","template":"","meta":{"_acf_changed":false,"footnotes":""},"class_list":["post-9156","page","type-page","status-publish","hentry"],"acf":[],"yoast_head":"<!-- This site is optimized with the Yoast SEO plugin v27.3 - https:\/\/yoast.com\/product\/yoast-seo-wordpress\/ -->\n<title>Newrest, soluciones de alimentaci\u00f3n Unlimited<\/title>\n<meta name=\"description\" content=\"Newrest, especialista en alimentaci\u00f3n fuera del hogar y en Facility Management, es uno de los l\u00edderes mundiales del catering multisectorial.\" \/>\n<meta name=\"robots\" content=\"index, follow, max-snippet:-1, max-image-preview:large, max-video-preview:-1\" \/>\n<link rel=\"canonical\" href=\"https:\/\/www.newrest.eu\/es\/\" \/>\n<meta property=\"og:locale\" content=\"es_ES\" \/>\n<meta property=\"og:type\" content=\"article\" \/>\n<meta property=\"og:title\" content=\"Newrest, soluciones de alimentaci\u00f3n Unlimited\" \/>\n<meta property=\"og:description\" content=\"Newrest, especialista en alimentaci\u00f3n fuera del hogar y en Facility Management, es uno de los l\u00edderes mundiales del catering multisectorial.\" \/>\n<meta property=\"og:url\" content=\"https:\/\/www.newrest.eu\/es\/\" \/>\n<meta property=\"og:site_name\" content=\"Newrest, soluciones de alimentaci\u00f3n Unlimited\" \/>\n<meta property=\"article:modified_time\" content=\"2025-11-20T14:57:48+00:00\" \/>\n<meta property=\"og:image\" content=\"https:\/\/www.newrest.eu\/wp-content\/uploads\/2025\/03\/Logo-Newrest.png\" \/>\n\t<meta property=\"og:image:width\" content=\"2560\" \/>\n\t<meta property=\"og:image:height\" content=\"914\" \/>\n\t<meta property=\"og:image:type\" content=\"image\/png\" \/>\n<meta name=\"twitter:card\" content=\"summary_large_image\" \/>\n<meta name=\"twitter:label1\" content=\"Tiempo de lectura\" \/>\n\t<meta name=\"twitter:data1\" content=\"5 minuto\" \/>\n<script type=\"application\/ld+json\" class=\"yoast-schema-graph\">{\"@context\":\"https:\\\/\\\/schema.org\",\"@graph\":[{\"@type\":\"WebPage\",\"@id\":\"https:\\\/\\\/www.newrest.eu\\\/es\\\/\",\"url\":\"https:\\\/\\\/www.newrest.eu\\\/es\\\/\",\"name\":\"Newrest, soluciones de alimentaci\u00f3n Unlimited\",\"isPartOf\":{\"@id\":\"https:\\\/\\\/www.newrest.eu\\\/#website\"},\"datePublished\":\"2025-04-23T06:33:11+00:00\",\"dateModified\":\"2025-11-20T14:57:48+00:00\",\"description\":\"Newrest, especialista en alimentaci\u00f3n fuera del hogar y en Facility Management, es uno de los l\u00edderes mundiales del catering multisectorial.\",\"breadcrumb\":{\"@id\":\"https:\\\/\\\/www.newrest.eu\\\/es\\\/#breadcrumb\"},\"inLanguage\":\"es\",\"potentialAction\":[{\"@type\":\"ReadAction\",\"target\":[\"https:\\\/\\\/www.newrest.eu\\\/es\\\/\"]}]},{\"@type\":\"BreadcrumbList\",\"@id\":\"https:\\\/\\\/www.newrest.eu\\\/es\\\/#breadcrumb\",\"itemListElement\":[{\"@type\":\"ListItem\",\"position\":1,\"name\":\"Inicio\",\"item\":\"https:\\\/\\\/www.newrest.eu\\\/es\\\/\"},{\"@type\":\"ListItem\",\"position\":2,\"name\":\"Inicio\"}]},{\"@type\":\"WebSite\",\"@id\":\"https:\\\/\\\/www.newrest.eu\\\/#website\",\"url\":\"https:\\\/\\\/www.newrest.eu\\\/\",\"name\":\"Newrest, solutions de restauration\u00a0Unlimited\",\"description\":\"Newrest\",\"publisher\":{\"@id\":\"https:\\\/\\\/www.newrest.eu\\\/#organization\"},\"alternateName\":\"Newrest\",\"potentialAction\":[{\"@type\":\"SearchAction\",\"target\":{\"@type\":\"EntryPoint\",\"urlTemplate\":\"https:\\\/\\\/www.newrest.eu\\\/?s={search_term_string}\"},\"query-input\":{\"@type\":\"PropertyValueSpecification\",\"valueRequired\":true,\"valueName\":\"search_term_string\"}}],\"inLanguage\":\"es\"},{\"@type\":\"Organization\",\"@id\":\"https:\\\/\\\/www.newrest.eu\\\/#organization\",\"name\":\"Newrest, solutions de restauration\u00a0Unlimited\",\"alternateName\":\"Newrest\",\"url\":\"https:\\\/\\\/www.newrest.eu\\\/\",\"logo\":{\"@type\":\"ImageObject\",\"inLanguage\":\"es\",\"@id\":\"https:\\\/\\\/www.newrest.eu\\\/#\\\/schema\\\/logo\\\/image\\\/\",\"url\":\"https:\\\/\\\/www.newrest.eu\\\/wp-content\\\/uploads\\\/2025\\\/05\\\/Newrest-Logo-1.svg\",\"contentUrl\":\"https:\\\/\\\/www.newrest.eu\\\/wp-content\\\/uploads\\\/2025\\\/05\\\/Newrest-Logo-1.svg\",\"caption\":\"Newrest, solutions de restauration\u00a0Unlimited\"},\"image\":{\"@id\":\"https:\\\/\\\/www.newrest.eu\\\/#\\\/schema\\\/logo\\\/image\\\/\"},\"sameAs\":[\"https:\\\/\\\/www.linkedin.com\\\/company\\\/newrest-\\\/\",\"https:\\\/\\\/www.instagram.com\\\/newrest_group\\\/\"]}]}<\/script>\n<!-- \/ Yoast SEO plugin. -->","yoast_head_json":{"title":"Newrest, soluciones de alimentaci\u00f3n Unlimited","description":"Newrest, especialista en alimentaci\u00f3n fuera del hogar y en Facility Management, es uno de los l\u00edderes mundiales del catering multisectorial.","robots":{"index":"index","follow":"follow","max-snippet":"max-snippet:-1","max-image-preview":"max-image-preview:large","max-video-preview":"max-video-preview:-1"},"canonical":"https:\/\/www.newrest.eu\/es\/","og_locale":"es_ES","og_type":"article","og_title":"Newrest, soluciones de alimentaci\u00f3n Unlimited","og_description":"Newrest, especialista en alimentaci\u00f3n fuera del hogar y en Facility Management, es uno de los l\u00edderes mundiales del catering multisectorial.","og_url":"https:\/\/www.newrest.eu\/es\/","og_site_name":"Newrest, soluciones de alimentaci\u00f3n Unlimited","article_modified_time":"2025-11-20T14:57:48+00:00","og_image":[{"width":2560,"height":914,"url":"https:\/\/www.newrest.eu\/wp-content\/uploads\/2025\/03\/Logo-Newrest.png","type":"image\/png"}],"twitter_card":"summary_large_image","twitter_misc":{"Tiempo de lectura":"5 minuto"},"schema":{"@context":"https:\/\/schema.org","@graph":[{"@type":"WebPage","@id":"https:\/\/www.newrest.eu\/es\/","url":"https:\/\/www.newrest.eu\/es\/","name":"Newrest, soluciones de alimentaci\u00f3n Unlimited","isPartOf":{"@id":"https:\/\/www.newrest.eu\/#website"},"datePublished":"2025-04-23T06:33:11+00:00","dateModified":"2025-11-20T14:57:48+00:00","description":"Newrest, especialista en alimentaci\u00f3n fuera del hogar y en Facility Management, es uno de los l\u00edderes mundiales del catering multisectorial.","breadcrumb":{"@id":"https:\/\/www.newrest.eu\/es\/#breadcrumb"},"inLanguage":"es","potentialAction":[{"@type":"ReadAction","target":["https:\/\/www.newrest.eu\/es\/"]}]},{"@type":"BreadcrumbList","@id":"https:\/\/www.newrest.eu\/es\/#breadcrumb","itemListElement":[{"@type":"ListItem","position":1,"name":"Inicio","item":"https:\/\/www.newrest.eu\/es\/"},{"@type":"ListItem","position":2,"name":"Inicio"}]},{"@type":"WebSite","@id":"https:\/\/www.newrest.eu\/#website","url":"https:\/\/www.newrest.eu\/","name":"Newrest, solutions de restauration\u00a0Unlimited","description":"Newrest","publisher":{"@id":"https:\/\/www.newrest.eu\/#organization"},"alternateName":"Newrest","potentialAction":[{"@type":"SearchAction","target":{"@type":"EntryPoint","urlTemplate":"https:\/\/www.newrest.eu\/?s={search_term_string}"},"query-input":{"@type":"PropertyValueSpecification","valueRequired":true,"valueName":"search_term_string"}}],"inLanguage":"es"},{"@type":"Organization","@id":"https:\/\/www.newrest.eu\/#organization","name":"Newrest, solutions de restauration\u00a0Unlimited","alternateName":"Newrest","url":"https:\/\/www.newrest.eu\/","logo":{"@type":"ImageObject","inLanguage":"es","@id":"https:\/\/www.newrest.eu\/#\/schema\/logo\/image\/","url":"https:\/\/www.newrest.eu\/wp-content\/uploads\/2025\/05\/Newrest-Logo-1.svg","contentUrl":"https:\/\/www.newrest.eu\/wp-content\/uploads\/2025\/05\/Newrest-Logo-1.svg","caption":"Newrest, solutions de restauration\u00a0Unlimited"},"image":{"@id":"https:\/\/www.newrest.eu\/#\/schema\/logo\/image\/"},"sameAs":["https:\/\/www.linkedin.com\/company\/newrest-\/","https:\/\/www.instagram.com\/newrest_group\/"]}]}},"_links":{"self":[{"href":"https:\/\/www.newrest.eu\/es\/wp-json\/wp\/v2\/pages\/9156","targetHints":{"allow":["GET"]}}],"collection":[{"href":"https:\/\/www.newrest.eu\/es\/wp-json\/wp\/v2\/pages"}],"about":[{"href":"https:\/\/www.newrest.eu\/es\/wp-json\/wp\/v2\/types\/page"}],"author":[{"embeddable":true,"href":"https:\/\/www.newrest.eu\/es\/wp-json\/wp\/v2\/users\/1"}],"replies":[{"embeddable":true,"href":"https:\/\/www.newrest.eu\/es\/wp-json\/wp\/v2\/comments?post=9156"}],"version-history":[{"count":2,"href":"https:\/\/www.newrest.eu\/es\/wp-json\/wp\/v2\/pages\/9156\/revisions"}],"predecessor-version":[{"id":110115,"href":"https:\/\/www.newrest.eu\/es\/wp-json\/wp\/v2\/pages\/9156\/revisions\/110115"}],"wp:attachment":[{"href":"https:\/\/www.newrest.eu\/es\/wp-json\/wp\/v2\/media?parent=9156"}],"curies":[{"name":"wp","href":"https:\/\/api.w.org\/{rel}","templated":true}]}}