{"id":9212,"date":"2025-05-31T11:01:58","date_gmt":"2025-05-31T11:01:58","guid":{"rendered":"https:\/\/newrest.kardinalt.com\/los-compromisos-a-nuestros-empleados\/"},"modified":"2025-08-04T12:04:45","modified_gmt":"2025-08-04T12:04:45","slug":"los-compromisos-a-nuestros-empleados","status":"publish","type":"page","link":"https:\/\/www.newrest.eu\/es\/los-compromisos-a-nuestros-empleados\/","title":{"rendered":"Los compromisos con nuestros empleados"},"content":{"rendered":"","protected":false},"excerpt":{"rendered":"","protected":false},"author":1,"featured_media":0,"parent":0,"menu_order":0,"comment_status":"closed","ping_status":"closed","template":"","meta":{"_acf_changed":false,"footnotes":""},"class_list":["post-9212","page","type-page","status-publish","hentry"],"acf":[],"yoast_head":"<!-- This site is optimized with the Yoast SEO plugin v27.3 - https:\/\/yoast.com\/product\/yoast-seo-wordpress\/ -->\n<title>Los compromisos en materia de pol\u00edtica de Calidad de Vida en el Trabajo<\/title>\n<meta name=\"description\" content=\"Inclusi\u00f3n, salud, seguridad: Newrest se compromete con una pol\u00edtica de Calidad de Vida en el Trabajo que fomenta la realizaci\u00f3n personal.\" \/>\n<meta name=\"robots\" content=\"index, follow, max-snippet:-1, max-image-preview:large, max-video-preview:-1\" \/>\n<link rel=\"canonical\" href=\"https:\/\/www.newrest.eu\/es\/los-compromisos-a-nuestros-empleados\/\" \/>\n<meta property=\"og:locale\" content=\"es_ES\" \/>\n<meta property=\"og:type\" content=\"article\" \/>\n<meta property=\"og:title\" content=\"Los compromisos en materia de pol\u00edtica de Calidad de Vida en el Trabajo\" \/>\n<meta property=\"og:description\" content=\"Inclusi\u00f3n, salud, seguridad: Newrest se compromete con una pol\u00edtica de Calidad de Vida en el Trabajo que fomenta la realizaci\u00f3n personal.\" \/>\n<meta property=\"og:url\" content=\"https:\/\/www.newrest.eu\/es\/los-compromisos-a-nuestros-empleados\/\" \/>\n<meta property=\"og:site_name\" content=\"Newrest, soluciones de alimentaci\u00f3n Unlimited\" \/>\n<meta property=\"article:modified_time\" content=\"2025-08-04T12:04:45+00:00\" \/>\n<meta property=\"og:image\" content=\"https:\/\/www.newrest.eu\/wp-content\/uploads\/2025\/03\/Logo-Newrest.png\" \/>\n\t<meta property=\"og:image:width\" content=\"2560\" \/>\n\t<meta property=\"og:image:height\" content=\"914\" \/>\n\t<meta property=\"og:image:type\" content=\"image\/png\" \/>\n<meta name=\"twitter:card\" content=\"summary_large_image\" \/>\n<script type=\"application\/ld+json\" class=\"yoast-schema-graph\">{\"@context\":\"https:\\\/\\\/schema.org\",\"@graph\":[{\"@type\":\"WebPage\",\"@id\":\"https:\\\/\\\/www.newrest.eu\\\/es\\\/los-compromisos-a-nuestros-empleados\\\/\",\"url\":\"https:\\\/\\\/www.newrest.eu\\\/es\\\/los-compromisos-a-nuestros-empleados\\\/\",\"name\":\"Los compromisos en materia de pol\u00edtica de Calidad de Vida en el Trabajo\",\"isPartOf\":{\"@id\":\"https:\\\/\\\/www.newrest.eu\\\/#website\"},\"datePublished\":\"2025-05-31T11:01:58+00:00\",\"dateModified\":\"2025-08-04T12:04:45+00:00\",\"description\":\"Inclusi\u00f3n, salud, seguridad: Newrest se compromete con una pol\u00edtica de Calidad de Vida en el Trabajo que fomenta la realizaci\u00f3n personal.\",\"breadcrumb\":{\"@id\":\"https:\\\/\\\/www.newrest.eu\\\/es\\\/los-compromisos-a-nuestros-empleados\\\/#breadcrumb\"},\"inLanguage\":\"es\",\"potentialAction\":[{\"@type\":\"ReadAction\",\"target\":[\"https:\\\/\\\/www.newrest.eu\\\/es\\\/los-compromisos-a-nuestros-empleados\\\/\"]}]},{\"@type\":\"BreadcrumbList\",\"@id\":\"https:\\\/\\\/www.newrest.eu\\\/es\\\/los-compromisos-a-nuestros-empleados\\\/#breadcrumb\",\"itemListElement\":[{\"@type\":\"ListItem\",\"position\":1,\"name\":\"Inicio\",\"item\":\"https:\\\/\\\/www.newrest.eu\\\/es\\\/\"},{\"@type\":\"ListItem\",\"position\":2,\"name\":\"Los compromisos con nuestros empleados\"}]},{\"@type\":\"WebSite\",\"@id\":\"https:\\\/\\\/www.newrest.eu\\\/#website\",\"url\":\"https:\\\/\\\/www.newrest.eu\\\/\",\"name\":\"Newrest, solutions de restauration\u00a0Unlimited\",\"description\":\"Newrest\",\"publisher\":{\"@id\":\"https:\\\/\\\/www.newrest.eu\\\/#organization\"},\"alternateName\":\"Newrest\",\"potentialAction\":[{\"@type\":\"SearchAction\",\"target\":{\"@type\":\"EntryPoint\",\"urlTemplate\":\"https:\\\/\\\/www.newrest.eu\\\/?s={search_term_string}\"},\"query-input\":{\"@type\":\"PropertyValueSpecification\",\"valueRequired\":true,\"valueName\":\"search_term_string\"}}],\"inLanguage\":\"es\"},{\"@type\":\"Organization\",\"@id\":\"https:\\\/\\\/www.newrest.eu\\\/#organization\",\"name\":\"Newrest, solutions de restauration\u00a0Unlimited\",\"alternateName\":\"Newrest\",\"url\":\"https:\\\/\\\/www.newrest.eu\\\/\",\"logo\":{\"@type\":\"ImageObject\",\"inLanguage\":\"es\",\"@id\":\"https:\\\/\\\/www.newrest.eu\\\/#\\\/schema\\\/logo\\\/image\\\/\",\"url\":\"https:\\\/\\\/www.newrest.eu\\\/wp-content\\\/uploads\\\/2025\\\/05\\\/Newrest-Logo-1.svg\",\"contentUrl\":\"https:\\\/\\\/www.newrest.eu\\\/wp-content\\\/uploads\\\/2025\\\/05\\\/Newrest-Logo-1.svg\",\"caption\":\"Newrest, solutions de restauration\u00a0Unlimited\"},\"image\":{\"@id\":\"https:\\\/\\\/www.newrest.eu\\\/#\\\/schema\\\/logo\\\/image\\\/\"},\"sameAs\":[\"https:\\\/\\\/www.linkedin.com\\\/company\\\/newrest-\\\/\",\"https:\\\/\\\/www.instagram.com\\\/newrest_group\\\/\"]}]}<\/script>\n<!-- \/ Yoast SEO plugin. -->","yoast_head_json":{"title":"Los compromisos en materia de pol\u00edtica de Calidad de Vida en el Trabajo","description":"Inclusi\u00f3n, salud, seguridad: Newrest se compromete con una pol\u00edtica de Calidad de Vida en el Trabajo que fomenta la realizaci\u00f3n personal.","robots":{"index":"index","follow":"follow","max-snippet":"max-snippet:-1","max-image-preview":"max-image-preview:large","max-video-preview":"max-video-preview:-1"},"canonical":"https:\/\/www.newrest.eu\/es\/los-compromisos-a-nuestros-empleados\/","og_locale":"es_ES","og_type":"article","og_title":"Los compromisos en materia de pol\u00edtica de Calidad de Vida en el Trabajo","og_description":"Inclusi\u00f3n, salud, seguridad: Newrest se compromete con una pol\u00edtica de Calidad de Vida en el Trabajo que fomenta la realizaci\u00f3n personal.","og_url":"https:\/\/www.newrest.eu\/es\/los-compromisos-a-nuestros-empleados\/","og_site_name":"Newrest, soluciones de alimentaci\u00f3n Unlimited","article_modified_time":"2025-08-04T12:04:45+00:00","og_image":[{"width":2560,"height":914,"url":"https:\/\/www.newrest.eu\/wp-content\/uploads\/2025\/03\/Logo-Newrest.png","type":"image\/png"}],"twitter_card":"summary_large_image","schema":{"@context":"https:\/\/schema.org","@graph":[{"@type":"WebPage","@id":"https:\/\/www.newrest.eu\/es\/los-compromisos-a-nuestros-empleados\/","url":"https:\/\/www.newrest.eu\/es\/los-compromisos-a-nuestros-empleados\/","name":"Los compromisos en materia de pol\u00edtica de Calidad de Vida en el Trabajo","isPartOf":{"@id":"https:\/\/www.newrest.eu\/#website"},"datePublished":"2025-05-31T11:01:58+00:00","dateModified":"2025-08-04T12:04:45+00:00","description":"Inclusi\u00f3n, salud, seguridad: Newrest se compromete con una pol\u00edtica de Calidad de Vida en el Trabajo que fomenta la realizaci\u00f3n personal.","breadcrumb":{"@id":"https:\/\/www.newrest.eu\/es\/los-compromisos-a-nuestros-empleados\/#breadcrumb"},"inLanguage":"es","potentialAction":[{"@type":"ReadAction","target":["https:\/\/www.newrest.eu\/es\/los-compromisos-a-nuestros-empleados\/"]}]},{"@type":"BreadcrumbList","@id":"https:\/\/www.newrest.eu\/es\/los-compromisos-a-nuestros-empleados\/#breadcrumb","itemListElement":[{"@type":"ListItem","position":1,"name":"Inicio","item":"https:\/\/www.newrest.eu\/es\/"},{"@type":"ListItem","position":2,"name":"Los compromisos con nuestros empleados"}]},{"@type":"WebSite","@id":"https:\/\/www.newrest.eu\/#website","url":"https:\/\/www.newrest.eu\/","name":"Newrest, solutions de restauration\u00a0Unlimited","description":"Newrest","publisher":{"@id":"https:\/\/www.newrest.eu\/#organization"},"alternateName":"Newrest","potentialAction":[{"@type":"SearchAction","target":{"@type":"EntryPoint","urlTemplate":"https:\/\/www.newrest.eu\/?s={search_term_string}"},"query-input":{"@type":"PropertyValueSpecification","valueRequired":true,"valueName":"search_term_string"}}],"inLanguage":"es"},{"@type":"Organization","@id":"https:\/\/www.newrest.eu\/#organization","name":"Newrest, solutions de restauration\u00a0Unlimited","alternateName":"Newrest","url":"https:\/\/www.newrest.eu\/","logo":{"@type":"ImageObject","inLanguage":"es","@id":"https:\/\/www.newrest.eu\/#\/schema\/logo\/image\/","url":"https:\/\/www.newrest.eu\/wp-content\/uploads\/2025\/05\/Newrest-Logo-1.svg","contentUrl":"https:\/\/www.newrest.eu\/wp-content\/uploads\/2025\/05\/Newrest-Logo-1.svg","caption":"Newrest, solutions de restauration\u00a0Unlimited"},"image":{"@id":"https:\/\/www.newrest.eu\/#\/schema\/logo\/image\/"},"sameAs":["https:\/\/www.linkedin.com\/company\/newrest-\/","https:\/\/www.instagram.com\/newrest_group\/"]}]}},"_links":{"self":[{"href":"https:\/\/www.newrest.eu\/es\/wp-json\/wp\/v2\/pages\/9212","targetHints":{"allow":["GET"]}}],"collection":[{"href":"https:\/\/www.newrest.eu\/es\/wp-json\/wp\/v2\/pages"}],"about":[{"href":"https:\/\/www.newrest.eu\/es\/wp-json\/wp\/v2\/types\/page"}],"author":[{"embeddable":true,"href":"https:\/\/www.newrest.eu\/es\/wp-json\/wp\/v2\/users\/1"}],"replies":[{"embeddable":true,"href":"https:\/\/www.newrest.eu\/es\/wp-json\/wp\/v2\/comments?post=9212"}],"version-history":[{"count":2,"href":"https:\/\/www.newrest.eu\/es\/wp-json\/wp\/v2\/pages\/9212\/revisions"}],"predecessor-version":[{"id":9680,"href":"https:\/\/www.newrest.eu\/es\/wp-json\/wp\/v2\/pages\/9212\/revisions\/9680"}],"wp:attachment":[{"href":"https:\/\/www.newrest.eu\/es\/wp-json\/wp\/v2\/media?parent=9212"}],"curies":[{"name":"wp","href":"https:\/\/api.w.org\/{rel}","templated":true}]}}